{"id":27077,"date":"2022-04-25T06:42:06","date_gmt":"2022-04-25T06:42:06","guid":{"rendered":"https:\/\/imercat.com\/kosmos\/politica-de-qualitat-i-medi-ambient\/"},"modified":"2025-06-19T15:44:35","modified_gmt":"2025-06-19T15:44:35","slug":"politica-de-qualitat-i-medi-ambient","status":"publish","type":"page","link":"https:\/\/www.kosmos-group.net\/ca\/politica-de-qualitat-i-medi-ambient\/","title":{"rendered":"Pol\u00edtica de Qualitat i Medi Ambient"},"content":{"rendered":"<p>[et_pb_section fb_built=&#8221;1&#8243; custom_padding_last_edited=&#8221;on|phone&#8221; module_id=&#8221;banner1&#8243; _builder_version=&#8221;4.17.4&#8243; _module_preset=&#8221;default&#8221; use_background_color_gradient=&#8221;on&#8221; background_color_gradient_direction=&#8221;90deg&#8221; background_color_gradient_stops=&#8221;#000000 0%|rgba(255,255,255,0) 76%&#8221; background_color_gradient_start=&#8221;#000000&#8243; background_color_gradient_end=&#8221;rgba(255,255,255,0)&#8221; background_color_gradient_end_position=&#8221;76%&#8221; background_image=&#8221;https:\/\/www.kosmos-group.net\/wp-content\/uploads\/2022\/03\/banner-ingenieria-de-proyectos.jpg&#8221; background_blend=&#8221;darken&#8221; min_height=&#8221;375px&#8221; custom_padding_tablet=&#8221;&#8221; custom_padding_phone=&#8221;10px||10px||false|false&#8221; global_colors_info=&#8221;{}&#8221;][et_pb_row column_structure=&#8221;2_3,1_3&#8243; custom_padding_last_edited=&#8221;on|phone&#8221; _builder_version=&#8221;4.16&#8243; _module_preset=&#8221;default&#8221; custom_padding_tablet=&#8221;&#8221; custom_padding_phone=&#8221;||0px||false|false&#8221; global_colors_info=&#8221;{}&#8221;][et_pb_column type=&#8221;2_3&#8243; _builder_version=&#8221;4.16&#8243; _module_preset=&#8221;default&#8221; global_colors_info=&#8221;{}&#8221;][et_pb_post_title meta=&#8221;off&#8221; featured_image=&#8221;off&#8221; _builder_version=&#8221;4.16&#8243; _module_preset=&#8221;default&#8221; title_font=&#8221;|700|||||||&#8221; title_text_color=&#8221;#FFFFFF&#8221; title_font_size=&#8221;5rem&#8221; custom_padding_tablet=&#8221;&#8221; custom_padding_phone=&#8221;||||false|false&#8221; custom_padding_last_edited=&#8221;on|phone&#8221; title_font_size_tablet=&#8221;4rem&#8221; title_font_size_phone=&#8221;2.5rem&#8221; title_font_size_last_edited=&#8221;on|phone&#8221; global_colors_info=&#8221;{}&#8221;][\/et_pb_post_title][et_pb_divider color=&#8221;#96c8d1&#8243; _builder_version=&#8221;4.16&#8243; _module_preset=&#8221;default&#8221; background_color=&#8221;#96c8d1&#8243; width=&#8221;60%&#8221; height=&#8221;10px&#8221; height_tablet=&#8221;10px&#8221; height_phone=&#8221;5px&#8221; height_last_edited=&#8221;on|phone&#8221; custom_margin=&#8221;-48px||||false|false&#8221; custom_margin_tablet=&#8221;-60px||||false|false&#8221; custom_margin_phone=&#8221;-48px||||false|false&#8221; custom_margin_last_edited=&#8221;on|phone&#8221; custom_padding_phone=&#8221;||||false|false&#8221; custom_padding_last_edited=&#8221;off|phone&#8221; global_colors_info=&#8221;{}&#8221;][\/et_pb_divider][\/et_pb_column][et_pb_column type=&#8221;1_3&#8243; _builder_version=&#8221;4.16&#8243; _module_preset=&#8221;default&#8221; global_colors_info=&#8221;{}&#8221;][\/et_pb_column][\/et_pb_row][\/et_pb_section][et_pb_section fb_built=&#8221;1&#8243; custom_padding_last_edited=&#8221;on|phone&#8221; _builder_version=&#8221;4.16&#8243; _module_preset=&#8221;default&#8221; custom_padding=&#8221;||0px||false|false&#8221; custom_padding_tablet=&#8221;||0px||false|false&#8221; custom_padding_phone=&#8221;0px||0px||false|false&#8221; collapsed=&#8221;off&#8221; global_colors_info=&#8221;{}&#8221;][et_pb_row _builder_version=&#8221;4.16&#8243; _module_preset=&#8221;default&#8221; width=&#8221;50%&#8221; width_tablet=&#8221;50%&#8221; width_phone=&#8221;80%&#8221; width_last_edited=&#8221;on|phone&#8221; module_alignment=&#8221;center&#8221; global_colors_info=&#8221;{}&#8221;][et_pb_column type=&#8221;4_4&#8243; _builder_version=&#8221;4.16&#8243; _module_preset=&#8221;default&#8221; global_colors_info=&#8221;{}&#8221;][et_pb_text _builder_version=&#8221;4.27.4&#8243; _module_preset=&#8221;default&#8221; hover_enabled=&#8221;0&#8243; global_colors_info=&#8221;{}&#8221; sticky_enabled=&#8221;0&#8243;]<\/p>\n<p><strong>KOSMOS GROUP<\/strong>, dedicada a la consultoria, instal\u00b7laci\u00f3 i manteniment de sistemes de seguretat i protecci\u00f3 contra incendis, t\u00e9 com a objectiu que la qualitat en els serveis que ofereix siguin un fidel reflex de les expectatives i necessitats de cada client.<\/p>\n<ul>\n<li style=\"list-style-type: none;\">\n<ul>\n<li style=\"list-style-type: none;\">\n<ul>\n<li>La Direcci\u00f3 i totes les persones de l\u2019empresa estan compromeses amb els requisits i expectatives dels clients, amb les normes i disposicions legals aplicables i amb altres que l\u2019organitzaci\u00f3 subscrigui relacionades amb els seus aspectes ambientals.<\/li>\n<li>KOSMOS GROUP es compromet a vetllar cont\u00ednuament per la prevenci\u00f3 de la contaminaci\u00f3, l\u2019estalvi energ\u00e8tic i la minimitzaci\u00f3 dels residus.<\/li>\n<li>L\u2019objectiu d\u2019aconseguir la confian\u00e7a i fidelitat dels nostres clients s\u2019aconsegueix amb una atenci\u00f3 personalitzada i uns alts nivells de professionalitat.<\/li>\n<li>Cada persona que forma part de la nostra organitzaci\u00f3 assumeix que \u00e9s client i prove\u00efdor d\u2019altres \u00e0rees de l\u2019empresa, el posseir compet\u00e8ncies adequades i estimular el desenvolupament permanent dels seus coneixements, habilitats i actituds \u00e9s fonamental per a l\u2019empresa.<\/li>\n<li>Assegurar la competitivitat i rendibilitat de l\u2019empresa en el mitj\u00e0 i llarg termini.<\/li>\n<li>La qualitat en la prestaci\u00f3 de serveis i en els processos interns de l\u2019empresa \u00e9s responsabilitat de tots, havent-se d\u2019involucrar cada persona, de manera activa, en l\u2019assoliment dels objectius plantejats.<\/li>\n<li>Assolir l\u2019excel\u00b7l\u00e8ncia operacional mitjan\u00e7ant la millora cont\u00ednua i l\u2019optimitzaci\u00f3 dels nostres processos.<\/li>\n<\/ul>\n<\/li>\n<\/ul>\n<\/li>\n<\/ul>\n<p>Aquesta Pol\u00edtica es difondr\u00e0 entre tot el personal de l\u2019empresa, i ha de servir de marc de refer\u00e8ncia per establir i revisar els objectius de Qualitat i de Medi Ambient.<\/p>\n<p><strong>KOSMOS GROUP<\/strong><\/p>\n<p>[\/et_pb_text][\/et_pb_column][\/et_pb_row][\/et_pb_section]<\/p>\n","protected":false},"excerpt":{"rendered":"<p>KOSMOS GROUP, dedicada a la consultoria, instal\u00b7laci\u00f3 i manteniment de sistemes de seguretat i protecci\u00f3 contra incendis, t\u00e9 com a objectiu que la qualitat en els serveis que ofereix siguin un fidel reflex de les expectatives i necessitats de cada client. La Direcci\u00f3 i totes les persones de l\u2019empresa estan compromeses amb els requisits i [&hellip;]<\/p>\n","protected":false},"author":3,"featured_media":0,"parent":0,"menu_order":0,"comment_status":"closed","ping_status":"closed","template":"","meta":{"_et_pb_use_builder":"on","_et_pb_old_content":"","_et_gb_content_width":"","inline_featured_image":false,"footnotes":""},"class_list":["post-27077","page","type-page","status-publish","hentry"],"_links":{"self":[{"href":"https:\/\/www.kosmos-group.net\/ca\/wp-json\/wp\/v2\/pages\/27077","targetHints":{"allow":["GET"]}}],"collection":[{"href":"https:\/\/www.kosmos-group.net\/ca\/wp-json\/wp\/v2\/pages"}],"about":[{"href":"https:\/\/www.kosmos-group.net\/ca\/wp-json\/wp\/v2\/types\/page"}],"author":[{"embeddable":true,"href":"https:\/\/www.kosmos-group.net\/ca\/wp-json\/wp\/v2\/users\/3"}],"replies":[{"embeddable":true,"href":"https:\/\/www.kosmos-group.net\/ca\/wp-json\/wp\/v2\/comments?post=27077"}],"version-history":[{"count":5,"href":"https:\/\/www.kosmos-group.net\/ca\/wp-json\/wp\/v2\/pages\/27077\/revisions"}],"predecessor-version":[{"id":29951,"href":"https:\/\/www.kosmos-group.net\/ca\/wp-json\/wp\/v2\/pages\/27077\/revisions\/29951"}],"wp:attachment":[{"href":"https:\/\/www.kosmos-group.net\/ca\/wp-json\/wp\/v2\/media?parent=27077"}],"curies":[{"name":"wp","href":"https:\/\/api.w.org\/{rel}","templated":true}]}}